{"id":29,"date":"2024-01-03T14:47:17","date_gmt":"2024-01-03T14:47:17","guid":{"rendered":"https:\/\/neurorad.fr\/wp\/?page_id=29"},"modified":"2024-02-21T06:49:52","modified_gmt":"2024-02-21T06:49:52","slug":"apropos","status":"publish","type":"page","link":"https:\/\/neurorad.fr\/wp\/?page_id=29&lang=fr","title":{"rendered":"A propos"},"content":{"rendered":"\n<h2 class=\"wp-block-heading has-primary-color has-text-color has-link-color wp-elements-7127a2a2e88333a903f78a075cd3d8e3\">Activit\u00e9s de diagnostic et de soins<\/h2>\n\n\n\n<p>Dipl\u00f4m\u00e9 en m\u00e9decine en juin 2004 \u00e0 l&rsquo;Universit\u00e9 de Hambourg, Allemagne, j&rsquo;ai ensuite obtenu ma sp\u00e9cialisation en neurologie en d\u00e9cembre 2010. De 2004 \u00e0 2008, j&rsquo;ai travaill\u00e9 en tant que praticien au d\u00e9partement de Neurologie \u00e0 l&rsquo;H\u00f4pital Harburg, Hambourg, puis au d\u00e9partement de Psychiatrie \u00e0 l&rsquo;H\u00f4pital Nord, Hambourg, de 2008 \u00e0 2009. Par la suite, de janvier 2010 \u00e0 ao\u00fbt 2016, j&rsquo;ai occup\u00e9 le poste de praticien neurologue au D\u00e9partement de neurologie et \u00e0 l&rsquo;Institut de neuroimmunologie et scl\u00e9rose en plaques (INIMS), Universit\u00e9 de Hambourg. \u00c0 partir de septembre 2016, j&rsquo;ai \u00e9t\u00e9 chercheur en mobilit\u00e9 au CRMBM-CEMEREM, Aix-Marseille Universit\u00e9, avant de devenir PHU dans le d\u00e9partement de Neurologie \u00e0 l&rsquo;Universit\u00e9 de Hambourg, d&rsquo;octobre 2017 \u00e0 ao\u00fbt 2019. J\u2019ai re\u00e7u mon HDR allemande en 2019. Depuis septembre 2019,&nbsp;mes activit\u00e9s de soins concernant la neuroradiologie diagnostique&nbsp;au Service de Neuroradiologie \u00e0 l&rsquo;H\u00f4pital de la Timone, APHM, Marseille. &nbsp;<\/p>\n\n\n\n<h2 class=\"wp-block-heading has-primary-color has-text-color has-link-color wp-elements-39980f9aa4895dcc39acb92fbeb6a63a\">Recherche<\/h2>\n\n\n\n<p>Depuis 2010, je suis engag\u00e9 dans la recherche multimodale et translationnelle pour les maladies neurologiques, en particulier les maladies neuroinflammatoires comme la scl\u00e9rose en plaques ou la neuromy\u00e9lite optique. Je m&rsquo;int\u00e9resse tout particuli\u00e8rement \u00e0 l&rsquo;utilisation de l&rsquo;IRM pour l&rsquo;analyse de la connectivit\u00e9 fonctionnelle et structurelle du r\u00e9seau c\u00e9r\u00e9bral en tant qu&rsquo;indicateur de la neurod\u00e9g\u00e9n\u00e9ration, de la r\u00e9paration et de la plasticit\u00e9. Je me concentre sur le syst\u00e8me visuel et le traitement de l&rsquo;information visuelle jusqu&rsquo;aux fonctions cognitives d&rsquo;ordre sup\u00e9rieur en utilisant une approche multimodale comprenant des tests de vision avanc\u00e9s avec la fonction de sensibilit\u00e9 compl\u00e8te, l&rsquo;OCT et l&rsquo;imagerie c\u00e9r\u00e9brale fonctionnelle et structurelle par IRM. Depuis mon arriv\u00e9 \u00e0 Marseille en 2019, j\u2019ai focalis\u00e9 ma recherche sur l\u2019aspect imagerie translationnelle et j\u2019ai entendu mes sujets sur les tumeurs c\u00e9r\u00e9brales p\u00e9diatriques, les traumatismes cr\u00e2niens l\u00e9g\u00e8res dans les sportives de haut niveau et des maladies neurod\u00e9g\u00e9n\u00e9ratives comme la scl\u00e9rose lat\u00e9rale amyotrophique.<\/p>\n\n\n\n<p>Je vise \u00e0 d\u00e9velopper et \u00e0 utiliser de nouveaux r\u00e9sultats et de nouvelles m\u00e9thodes d&rsquo;analyse d&rsquo;images dans un contexte plus large de maladie neurologique, mais en mettant l&rsquo;accent sur la validit\u00e9 \u00e9cologique et la pertinence pour le patient. Je me concentre actuellement sur l&rsquo;IRM fonctionnelle \u00e0 ultra-haut champ \u00e0 7T qui peut \u00eatre consid\u00e9r\u00e9e comme une technologie de pointe pour ouvrir la voie \u00e0 l&rsquo;imagerie c\u00e9r\u00e9brale fonctionnelle individuelle. D&rsquo;autres activit\u00e9s de recherche comprennent la conception, le d\u00e9veloppement et l&rsquo;organisation d&rsquo;essais de phase I \u00e0 II initi\u00e9s par des chercheurs.&nbsp;Mes derniers projets de recherche translationnelle adressent le d\u00e9veloppent d\u2019un IRM bas champ \u00e0 0.055T pour une application clinique au soin de r\u00e9animation, d\u2019un cabinet mobil et dans les ambulances.<\/p>\n\n\n\n<h2 class=\"wp-block-heading has-primary-color has-text-color has-link-color wp-elements-ad50b4a32a5df4799641b1f2959dbb6a\">Investissement p\u00e9dagogique<\/h2>\n\n\n\n<p>Je poss\u00e8de une exp\u00e9rience dans l&rsquo;enseignement universitaire en Allemagne et en France. Actuellement je suis impliqu\u00e9 dans l\u2019enseignement de la premi\u00e8re au troisi\u00e8me cycle et j&rsquo;ai dispens\u00e9 plusieurs cours pour les \u00e9tudiants en DES. Mon portfolio p\u00e9dagogique s&rsquo;\u00e9tend aux programmes de licence, de master, de PhD, couvrant des sujets tels que l&rsquo;IRMf \u00e0 l&rsquo;\u00c9cole Manipulateurs et la neuroimagerie en addictologie au niveau du M2. De plus, j&rsquo;ai contribu\u00e9 \u00e0 des programmes de doctorat et \u00e0 des cours \u00e0 des institutions telles que l&rsquo;\u00c9cole Polytechnique. Au sein de la facult\u00e9, j&rsquo;assume des responsabilit\u00e9s dans le programme de PhD en neurosciences. De plus, je suis activement impliqu\u00e9 dans la supervision de plusieurs th\u00e8ses scientifiques depuis 2010 et j\u2019ai encadr\u00e9 des th\u00e8ses DES en radiologie.<\/p>\n","protected":false},"excerpt":{"rendered":"<p>Activit\u00e9s de diagnostic et de soins Dipl\u00f4m\u00e9 en m\u00e9decine en juin 2004 \u00e0 l&rsquo;Universit\u00e9 de Hambourg, Allemagne, j&rsquo;ai ensuite obtenu ma sp\u00e9cialisation en neurologie en d\u00e9cembre 2010. De 2004 \u00e0 2008, j&rsquo;ai travaill\u00e9 en tant &hellip;<\/p>\n","protected":false},"author":1,"featured_media":0,"parent":0,"menu_order":0,"comment_status":"closed","ping_status":"closed","template":"","meta":{"footnotes":""},"class_list":["post-29","page","type-page","status-publish","hentry"],"_links":{"self":[{"href":"https:\/\/neurorad.fr\/wp\/index.php?rest_route=\/wp\/v2\/pages\/29"}],"collection":[{"href":"https:\/\/neurorad.fr\/wp\/index.php?rest_route=\/wp\/v2\/pages"}],"about":[{"href":"https:\/\/neurorad.fr\/wp\/index.php?rest_route=\/wp\/v2\/types\/page"}],"author":[{"embeddable":true,"href":"https:\/\/neurorad.fr\/wp\/index.php?rest_route=\/wp\/v2\/users\/1"}],"replies":[{"embeddable":true,"href":"https:\/\/neurorad.fr\/wp\/index.php?rest_route=%2Fwp%2Fv2%2Fcomments&post=29"}],"version-history":[{"count":7,"href":"https:\/\/neurorad.fr\/wp\/index.php?rest_route=\/wp\/v2\/pages\/29\/revisions"}],"predecessor-version":[{"id":100,"href":"https:\/\/neurorad.fr\/wp\/index.php?rest_route=\/wp\/v2\/pages\/29\/revisions\/100"}],"wp:attachment":[{"href":"https:\/\/neurorad.fr\/wp\/index.php?rest_route=%2Fwp%2Fv2%2Fmedia&parent=29"}],"curies":[{"name":"wp","href":"https:\/\/api.w.org\/{rel}","templated":true}]}}